{"id":5557,"date":"2025-11-24T09:57:35","date_gmt":"2025-11-24T08:57:35","guid":{"rendered":"https:\/\/24heuresdepeynier.com\/?page_id=5557"},"modified":"2026-01-21T17:21:59","modified_gmt":"2026-01-21T16:21:59","slug":"associations-partenaires","status":"publish","type":"page","link":"https:\/\/24heuresdepeynier.com\/index.php\/associations-partenaires\/","title":{"rendered":"Associations Partenaires"},"content":{"rendered":"\t\t<div data-elementor-type=\"wp-page\" data-elementor-id=\"5557\" class=\"elementor elementor-5557\" data-elementor-post-type=\"page\">\n\t\t\t\t\t\t<section class=\"elementor-section elementor-top-section elementor-element elementor-element-56e4b3a elementor-section-boxed elementor-section-height-default elementor-section-height-default\" data-id=\"56e4b3a\" data-element_type=\"section\">\n\t\t\t\t\t\t<div class=\"elementor-container elementor-column-gap-default\">\n\t\t\t\t\t<div class=\"elementor-column elementor-col-100 elementor-top-column elementor-element elementor-element-1a0ec57\" data-id=\"1a0ec57\" data-element_type=\"column\">\n\t\t\t<div class=\"elementor-widget-wrap elementor-element-populated\">\n\t\t\t\t\t\t<div class=\"elementor-element elementor-element-b370def elementor-widget elementor-widget-text-editor\" data-id=\"b370def\" data-element_type=\"widget\" data-widget_type=\"text-editor.default\">\n\t\t\t\t<div class=\"elementor-widget-container\">\n\t\t\t\t\t\t\t\t\t<h1>Un double engagement : contre le syndrome d\u2019Ondine et pour les enfants hospitalis\u00e9s<\/h1>\t\t\t\t\t\t\t\t<\/div>\n\t\t\t\t<\/div>\n\t\t\t\t\t<\/div>\n\t\t<\/div>\n\t\t\t\t\t<\/div>\n\t\t<\/section>\n\t\t\t\t<section class=\"elementor-section elementor-top-section elementor-element elementor-element-e09af0c elementor-section-boxed elementor-section-height-default elementor-section-height-default\" data-id=\"e09af0c\" data-element_type=\"section\">\n\t\t\t\t\t\t<div class=\"elementor-container elementor-column-gap-default\">\n\t\t\t\t\t<div class=\"elementor-column elementor-col-100 elementor-top-column elementor-element elementor-element-65d03f1\" data-id=\"65d03f1\" data-element_type=\"column\">\n\t\t\t<div class=\"elementor-widget-wrap\">\n\t\t\t\t\t\t\t<\/div>\n\t\t<\/div>\n\t\t\t\t\t<\/div>\n\t\t<\/section>\n\t\t\t\t<section class=\"elementor-section elementor-top-section elementor-element elementor-element-0d7b383 elementor-section-boxed elementor-section-height-default elementor-section-height-default\" data-id=\"0d7b383\" data-element_type=\"section\">\n\t\t\t\t\t\t<div class=\"elementor-container elementor-column-gap-default\">\n\t\t\t\t\t<div class=\"elementor-column elementor-col-33 elementor-top-column elementor-element elementor-element-43f95a4\" data-id=\"43f95a4\" data-element_type=\"column\">\n\t\t\t<div class=\"elementor-widget-wrap elementor-element-populated\">\n\t\t\t\t\t\t<div class=\"elementor-element elementor-element-fae562b elementor-widget elementor-widget-image\" data-id=\"fae562b\" data-element_type=\"widget\" data-widget_type=\"image.default\">\n\t\t\t\t<div class=\"elementor-widget-container\">\n\t\t\t\t\t\t\t\t\t\t\t\t\t\t\t\t<a href=\"https:\/\/lesptitsdoudous.org\/\">\n\t\t\t\t\t\t\t<img fetchpriority=\"high\" decoding=\"async\" width=\"1024\" height=\"1024\" src=\"https:\/\/24heuresdepeynier.com\/wp-content\/uploads\/2026\/01\/487202450_122115133562792806_751602356399916770_n-1024x1024.jpg\" class=\"attachment-large size-large wp-image-5746\" alt=\"\" srcset=\"https:\/\/24heuresdepeynier.com\/wp-content\/uploads\/2026\/01\/487202450_122115133562792806_751602356399916770_n-1024x1024.jpg 1024w, https:\/\/24heuresdepeynier.com\/wp-content\/uploads\/2026\/01\/487202450_122115133562792806_751602356399916770_n-300x300.jpg 300w, https:\/\/24heuresdepeynier.com\/wp-content\/uploads\/2026\/01\/487202450_122115133562792806_751602356399916770_n-150x150.jpg 150w, https:\/\/24heuresdepeynier.com\/wp-content\/uploads\/2026\/01\/487202450_122115133562792806_751602356399916770_n-768x768.jpg 768w, https:\/\/24heuresdepeynier.com\/wp-content\/uploads\/2026\/01\/487202450_122115133562792806_751602356399916770_n.jpg 1440w\" sizes=\"(max-width: 1024px) 100vw, 1024px\" \/>\t\t\t\t\t\t\t\t<\/a>\n\t\t\t\t\t\t\t\t\t\t\t\t\t\t\t<\/div>\n\t\t\t\t<\/div>\n\t\t\t\t\t<\/div>\n\t\t<\/div>\n\t\t\t\t<div class=\"elementor-column elementor-col-66 elementor-top-column elementor-element elementor-element-f97b976\" data-id=\"f97b976\" data-element_type=\"column\">\n\t\t\t<div class=\"elementor-widget-wrap elementor-element-populated\">\n\t\t\t\t\t\t<div class=\"elementor-element elementor-element-ff8f753 elementor-widget elementor-widget-text-editor\" data-id=\"ff8f753\" data-element_type=\"widget\" data-widget_type=\"text-editor.default\">\n\t\t\t\t<div class=\"elementor-widget-container\">\n\t\t\t\t\t\t\t\t\t<p data-start=\"69\" data-end=\"518\">Depuis 2011, Les P\u2019tits Doudous est une association nationale cr\u00e9\u00e9e par des soignants pour rendre l\u2019hospitalisation des enfants plus douce et rassurante. Gr\u00e2ce \u00e0 des doudous personnalis\u00e9s, des jeux num\u00e9riques et des initiatives ludiques, elle r\u00e9duit l\u2019anxi\u00e9t\u00e9 avant l\u2019op\u00e9ration et am\u00e9liore le v\u00e9cu des familles. Le r\u00e9seau compte aujourd\u2019hui plus de 160 antennes locales et des milliers de soignants b\u00e9n\u00e9voles mobilis\u00e9s en France et \u00e0 l\u2019\u00e9tranger.<\/p><p data-start=\"520\" data-end=\"882\" data-is-last-node=\"\" data-is-only-node=\"\">L\u2019antenne locale Les P\u2019tits Doudous du CHIAP (Centre Hospitalier d\u2019Aix-en-Provence) agit au quotidien aupr\u00e8s des enfants op\u00e9r\u00e9s du service. Elle offre doudous, petites attentions et outils ludiques pour cr\u00e9er un accueil chaleureux et apaisant. En soutenant cette antenne, vous contribuez directement au bien-\u00eatre des enfants hospitalis\u00e9s de notre territoire.<\/p><p data-start=\"783\" data-end=\"998\"><strong>Site internet:<\/strong> <a href=\"https:\/\/www.facebook.com\/p\/Les-Ptits-Doudous-du-CHIAP-61573784207044\/\">https:\/\/www.facebook.com\/p\/Les-Ptits-Doudous-du-CHIAP-61573784207044\/<\/a><\/p>\t\t\t\t\t\t\t\t<\/div>\n\t\t\t\t<\/div>\n\t\t\t\t\t<\/div>\n\t\t<\/div>\n\t\t\t\t\t<\/div>\n\t\t<\/section>\n\t\t\t\t<section class=\"elementor-section elementor-top-section elementor-element elementor-element-c49729a elementor-section-boxed elementor-section-height-default elementor-section-height-default\" data-id=\"c49729a\" data-element_type=\"section\">\n\t\t\t\t\t\t<div class=\"elementor-container elementor-column-gap-default\">\n\t\t\t\t\t<div class=\"elementor-column elementor-col-100 elementor-top-column elementor-element elementor-element-856b43a\" data-id=\"856b43a\" data-element_type=\"column\">\n\t\t\t<div class=\"elementor-widget-wrap\">\n\t\t\t\t\t\t\t<\/div>\n\t\t<\/div>\n\t\t\t\t\t<\/div>\n\t\t<\/section>\n\t\t\t\t<section class=\"elementor-section elementor-top-section elementor-element elementor-element-3194509 elementor-section-boxed elementor-section-height-default elementor-section-height-default\" data-id=\"3194509\" data-element_type=\"section\">\n\t\t\t\t\t\t<div class=\"elementor-container elementor-column-gap-default\">\n\t\t\t\t\t<div class=\"elementor-column elementor-col-50 elementor-top-column elementor-element elementor-element-757e6f6\" data-id=\"757e6f6\" data-element_type=\"column\">\n\t\t\t<div class=\"elementor-widget-wrap elementor-element-populated\">\n\t\t\t\t\t\t<div class=\"elementor-element elementor-element-a8a6fd6 elementor-widget elementor-widget-text-editor\" data-id=\"a8a6fd6\" data-element_type=\"widget\" data-widget_type=\"text-editor.default\">\n\t\t\t\t<div class=\"elementor-widget-container\">\n\t\t\t\t\t\t\t\t\t<p>\u00c0 travers notre partenariat avec AFS Ondine, nous soutenons le combat men\u00e9 par les familles touch\u00e9es par le syndrome d\u2019Ondine, une maladie g\u00e9n\u00e9tique rare qui emp\u00eache les personnes atteintes de respirer de mani\u00e8re autonome durant leur sommeil.\u00a0<\/p><p>Parmi elles, il y a Joany, un petit gar\u00e7on de 9 ans originaire de Fuveau, qui vit chaque jour avec cette pathologie lourde et n\u00e9cessite une surveillance constante ainsi qu\u2019un mat\u00e9riel sp\u00e9cialis\u00e9. En relayant la mission d\u2019AFS Ondine et en participant \u00e0 notre \u00e9v\u00e9nement, vous contribuez directement \u00e0 am\u00e9liorer la qualit\u00e9 de vie de Joany et des autres enfants concern\u00e9s, tout en soutenant la recherche et les centres de r\u00e9f\u00e9rence qui les accompagnent.<\/p><p><strong>Site internet:<\/strong>\u00a0<a href=\"https:\/\/www.afsondine.org\/\">https:\/\/www.afsondine.org\/<\/a><\/p>\t\t\t\t\t\t\t\t<\/div>\n\t\t\t\t<\/div>\n\t\t\t\t\t<\/div>\n\t\t<\/div>\n\t\t\t\t<div class=\"elementor-column elementor-col-50 elementor-top-column elementor-element elementor-element-b28b1b1\" data-id=\"b28b1b1\" data-element_type=\"column\">\n\t\t\t<div class=\"elementor-widget-wrap elementor-element-populated\">\n\t\t\t\t\t\t<div class=\"elementor-element elementor-element-2043551 elementor-widget elementor-widget-image\" data-id=\"2043551\" data-element_type=\"widget\" data-widget_type=\"image.default\">\n\t\t\t\t<div class=\"elementor-widget-container\">\n\t\t\t\t\t\t\t\t\t\t\t\t\t\t\t\t<a href=\"https:\/\/www.afsondine.org\/\">\n\t\t\t\t\t\t\t<img decoding=\"async\" width=\"300\" height=\"75\" src=\"https:\/\/24heuresdepeynier.com\/wp-content\/uploads\/2024\/02\/afso_logo-300x75-1.png\" class=\"attachment-large size-large wp-image-3177\" alt=\"\" \/>\t\t\t\t\t\t\t\t<\/a>\n\t\t\t\t\t\t\t\t\t\t\t\t\t\t\t<\/div>\n\t\t\t\t<\/div>\n\t\t\t\t\t<\/div>\n\t\t<\/div>\n\t\t\t\t\t<\/div>\n\t\t<\/section>\n\t\t\t\t<\/div>\n\t\t","protected":false},"excerpt":{"rendered":"<p>Un double engagement : contre le syndrome d\u2019Ondine et pour les enfants hospitalis\u00e9s Depuis 2011, Les P\u2019tits Doudous est une association nationale cr\u00e9\u00e9e par des soignants pour rendre l\u2019hospitalisation des enfants plus douce et rassurante. Gr\u00e2ce \u00e0 des doudous personnalis\u00e9s, des jeux num\u00e9riques et des initiatives ludiques, elle r\u00e9duit l\u2019anxi\u00e9t\u00e9 avant l\u2019op\u00e9ration et am\u00e9liore le [&hellip;]<\/p>\n","protected":false},"author":5,"featured_media":0,"parent":0,"menu_order":0,"comment_status":"closed","ping_status":"closed","template":"","meta":{"site-sidebar-layout":"no-sidebar","site-content-layout":"page-builder","ast-site-content-layout":"full-width-container","site-content-style":"default","site-sidebar-style":"default","ast-global-header-display":"","ast-banner-title-visibility":"","ast-main-header-display":"","ast-hfb-above-header-display":"","ast-hfb-below-header-display":"","ast-hfb-mobile-header-display":"","site-post-title":"","ast-breadcrumbs-content":"","ast-featured-img":"disabled","footer-sml-layout":"","theme-transparent-header-meta":"","adv-header-id-meta":"","stick-header-meta":"","header-above-stick-meta":"","header-main-stick-meta":"","header-below-stick-meta":"","astra-migrate-meta-layouts":"set","ast-page-background-enabled":"default","ast-page-background-meta":{"desktop":{"background-color":"var(--ast-global-color-4)","background-image":"","background-repeat":"repeat","background-position":"center center","background-size":"auto","background-attachment":"scroll","background-type":"","background-media":"","overlay-type":"","overlay-color":"","overlay-opacity":"","overlay-gradient":""},"tablet":{"background-color":"","background-image":"","background-repeat":"repeat","background-position":"center center","background-size":"auto","background-attachment":"scroll","background-type":"","background-media":"","overlay-type":"","overlay-color":"","overlay-opacity":"","overlay-gradient":""},"mobile":{"background-color":"","background-image":"","background-repeat":"repeat","background-position":"center center","background-size":"auto","background-attachment":"scroll","background-type":"","background-media":"","overlay-type":"","overlay-color":"","overlay-opacity":"","overlay-gradient":""}},"ast-content-background-meta":{"desktop":{"background-color":"var(--ast-global-color-5)","background-image":"","background-repeat":"repeat","background-position":"center center","background-size":"auto","background-attachment":"scroll","background-type":"","background-media":"","overlay-type":"","overlay-color":"","overlay-opacity":"","overlay-gradient":""},"tablet":{"background-color":"var(--ast-global-color-5)","background-image":"","background-repeat":"repeat","background-position":"center center","background-size":"auto","background-attachment":"scroll","background-type":"","background-media":"","overlay-type":"","overlay-color":"","overlay-opacity":"","overlay-gradient":""},"mobile":{"background-color":"var(--ast-global-color-5)","background-image":"","background-repeat":"repeat","background-position":"center center","background-size":"auto","background-attachment":"scroll","background-type":"","background-media":"","overlay-type":"","overlay-color":"","overlay-opacity":"","overlay-gradient":""}},"_themeisle_gutenberg_block_has_review":false,"footnotes":""},"class_list":["post-5557","page","type-page","status-publish","hentry"],"yoast_head":"<!-- This site is optimized with the Yoast SEO plugin v26.4 - https:\/\/yoast.com\/wordpress\/plugins\/seo\/ -->\n<title>Associations Partenaires - 24 Heures de Peynier<\/title>\n<meta name=\"description\" content=\"6h et Marathon du Pays d\u2019AixSon parcours nature atypique, son ravitaillement et son pointage r\u00e9alis\u00e9 par des b\u00e9n\u00e9voles (et leurs encouragements) en font une aventure \u00e0 part.....\" \/>\n<meta name=\"robots\" content=\"index, follow, max-snippet:-1, max-image-preview:large, max-video-preview:-1\" \/>\n<link rel=\"canonical\" href=\"https:\/\/24heuresdepeynier.com\/index.php\/associations-partenaires\/\" \/>\n<meta property=\"og:locale\" content=\"fr_FR\" \/>\n<meta property=\"og:type\" content=\"article\" \/>\n<meta property=\"og:title\" content=\"Associations Partenaires - 24 Heures de Peynier\" \/>\n<meta property=\"og:description\" content=\"6h et Marathon du Pays d\u2019AixSon parcours nature atypique, son ravitaillement et son pointage r\u00e9alis\u00e9 par des b\u00e9n\u00e9voles (et leurs encouragements) en font une aventure \u00e0 part.....\" \/>\n<meta property=\"og:url\" content=\"https:\/\/24heuresdepeynier.com\/index.php\/associations-partenaires\/\" \/>\n<meta property=\"og:site_name\" content=\"24 Heures de Peynier\" \/>\n<meta property=\"article:publisher\" content=\"https:\/\/www.facebook.com\/24hpeynier\" \/>\n<meta property=\"article:modified_time\" content=\"2026-01-21T16:21:59+00:00\" \/>\n<meta property=\"og:image\" content=\"https:\/\/24heuresdepeynier.com\/wp-content\/uploads\/2026\/01\/487202450_122115133562792806_751602356399916770_n-1024x1024.jpg\" \/>\n<meta name=\"twitter:card\" content=\"summary_large_image\" \/>\n<meta name=\"twitter:label1\" content=\"Dur\u00e9e de lecture estim\u00e9e\" \/>\n\t<meta name=\"twitter:data1\" content=\"2 minutes\" \/>\n<script type=\"application\/ld+json\" class=\"yoast-schema-graph\">{\"@context\":\"https:\/\/schema.org\",\"@graph\":[{\"@type\":\"WebPage\",\"@id\":\"https:\/\/24heuresdepeynier.com\/index.php\/associations-partenaires\/\",\"url\":\"https:\/\/24heuresdepeynier.com\/index.php\/associations-partenaires\/\",\"name\":\"Associations Partenaires - 24 Heures de Peynier\",\"isPartOf\":{\"@id\":\"https:\/\/24heuresdepeynier.com\/#website\"},\"primaryImageOfPage\":{\"@id\":\"https:\/\/24heuresdepeynier.com\/index.php\/associations-partenaires\/#primaryimage\"},\"image\":{\"@id\":\"https:\/\/24heuresdepeynier.com\/index.php\/associations-partenaires\/#primaryimage\"},\"thumbnailUrl\":\"https:\/\/24heuresdepeynier.com\/wp-content\/uploads\/2026\/01\/487202450_122115133562792806_751602356399916770_n-1024x1024.jpg\",\"datePublished\":\"2025-11-24T08:57:35+00:00\",\"dateModified\":\"2026-01-21T16:21:59+00:00\",\"description\":\"6h et Marathon du Pays d\u2019AixSon parcours nature atypique, son ravitaillement et son pointage r\u00e9alis\u00e9 par des b\u00e9n\u00e9voles (et leurs encouragements) en font une aventure \u00e0 part.....\",\"breadcrumb\":{\"@id\":\"https:\/\/24heuresdepeynier.com\/index.php\/associations-partenaires\/#breadcrumb\"},\"inLanguage\":\"fr-FR\",\"potentialAction\":[{\"@type\":\"ReadAction\",\"target\":[\"https:\/\/24heuresdepeynier.com\/index.php\/associations-partenaires\/\"]}]},{\"@type\":\"ImageObject\",\"inLanguage\":\"fr-FR\",\"@id\":\"https:\/\/24heuresdepeynier.com\/index.php\/associations-partenaires\/#primaryimage\",\"url\":\"https:\/\/24heuresdepeynier.com\/wp-content\/uploads\/2026\/01\/487202450_122115133562792806_751602356399916770_n.jpg\",\"contentUrl\":\"https:\/\/24heuresdepeynier.com\/wp-content\/uploads\/2026\/01\/487202450_122115133562792806_751602356399916770_n.jpg\",\"width\":1440,\"height\":1440},{\"@type\":\"BreadcrumbList\",\"@id\":\"https:\/\/24heuresdepeynier.com\/index.php\/associations-partenaires\/#breadcrumb\",\"itemListElement\":[{\"@type\":\"ListItem\",\"position\":1,\"name\":\"Accueil\",\"item\":\"https:\/\/24heuresdepeynier.com\/\"},{\"@type\":\"ListItem\",\"position\":2,\"name\":\"Associations Partenaires\"}]},{\"@type\":\"WebSite\",\"@id\":\"https:\/\/24heuresdepeynier.com\/#website\",\"url\":\"https:\/\/24heuresdepeynier.com\/\",\"name\":\"24 Heures de Peynier\",\"description\":\"Ti\u00e9 un fada, tu crains d\u00e9gun!\",\"publisher\":{\"@id\":\"https:\/\/24heuresdepeynier.com\/#organization\"},\"potentialAction\":[{\"@type\":\"SearchAction\",\"target\":{\"@type\":\"EntryPoint\",\"urlTemplate\":\"https:\/\/24heuresdepeynier.com\/?s={search_term_string}\"},\"query-input\":{\"@type\":\"PropertyValueSpecification\",\"valueRequired\":true,\"valueName\":\"search_term_string\"}}],\"inLanguage\":\"fr-FR\"},{\"@type\":\"Organization\",\"@id\":\"https:\/\/24heuresdepeynier.com\/#organization\",\"name\":\"Les Fada De Peynier\",\"url\":\"https:\/\/24heuresdepeynier.com\/\",\"logo\":{\"@type\":\"ImageObject\",\"inLanguage\":\"fr-FR\",\"@id\":\"https:\/\/24heuresdepeynier.com\/#\/schema\/logo\/image\/\",\"url\":\"https:\/\/24heuresdepeynier.com\/wp-content\/uploads\/2025\/11\/cropped-Mini_24HPeynier-1.png\",\"contentUrl\":\"https:\/\/24heuresdepeynier.com\/wp-content\/uploads\/2025\/11\/cropped-Mini_24HPeynier-1.png\",\"width\":512,\"height\":512,\"caption\":\"Les Fada De Peynier\"},\"image\":{\"@id\":\"https:\/\/24heuresdepeynier.com\/#\/schema\/logo\/image\/\"},\"sameAs\":[\"https:\/\/www.facebook.com\/24hpeynier\",\"https:\/\/www.instagram.com\/24h6hpeynier\"]}]}<\/script>\n<!-- \/ Yoast SEO plugin. -->","yoast_head_json":{"title":"Associations Partenaires - 24 Heures de Peynier","description":"6h et Marathon du Pays d\u2019AixSon parcours nature atypique, son ravitaillement et son pointage r\u00e9alis\u00e9 par des b\u00e9n\u00e9voles (et leurs encouragements) en font une aventure \u00e0 part.....","robots":{"index":"index","follow":"follow","max-snippet":"max-snippet:-1","max-image-preview":"max-image-preview:large","max-video-preview":"max-video-preview:-1"},"canonical":"https:\/\/24heuresdepeynier.com\/index.php\/associations-partenaires\/","og_locale":"fr_FR","og_type":"article","og_title":"Associations Partenaires - 24 Heures de Peynier","og_description":"6h et Marathon du Pays d\u2019AixSon parcours nature atypique, son ravitaillement et son pointage r\u00e9alis\u00e9 par des b\u00e9n\u00e9voles (et leurs encouragements) en font une aventure \u00e0 part.....","og_url":"https:\/\/24heuresdepeynier.com\/index.php\/associations-partenaires\/","og_site_name":"24 Heures de Peynier","article_publisher":"https:\/\/www.facebook.com\/24hpeynier","article_modified_time":"2026-01-21T16:21:59+00:00","og_image":[{"url":"https:\/\/24heuresdepeynier.com\/wp-content\/uploads\/2026\/01\/487202450_122115133562792806_751602356399916770_n-1024x1024.jpg","type":"","width":"","height":""}],"twitter_card":"summary_large_image","twitter_misc":{"Dur\u00e9e de lecture estim\u00e9e":"2 minutes"},"schema":{"@context":"https:\/\/schema.org","@graph":[{"@type":"WebPage","@id":"https:\/\/24heuresdepeynier.com\/index.php\/associations-partenaires\/","url":"https:\/\/24heuresdepeynier.com\/index.php\/associations-partenaires\/","name":"Associations Partenaires - 24 Heures de Peynier","isPartOf":{"@id":"https:\/\/24heuresdepeynier.com\/#website"},"primaryImageOfPage":{"@id":"https:\/\/24heuresdepeynier.com\/index.php\/associations-partenaires\/#primaryimage"},"image":{"@id":"https:\/\/24heuresdepeynier.com\/index.php\/associations-partenaires\/#primaryimage"},"thumbnailUrl":"https:\/\/24heuresdepeynier.com\/wp-content\/uploads\/2026\/01\/487202450_122115133562792806_751602356399916770_n-1024x1024.jpg","datePublished":"2025-11-24T08:57:35+00:00","dateModified":"2026-01-21T16:21:59+00:00","description":"6h et Marathon du Pays d\u2019AixSon parcours nature atypique, son ravitaillement et son pointage r\u00e9alis\u00e9 par des b\u00e9n\u00e9voles (et leurs encouragements) en font une aventure \u00e0 part.....","breadcrumb":{"@id":"https:\/\/24heuresdepeynier.com\/index.php\/associations-partenaires\/#breadcrumb"},"inLanguage":"fr-FR","potentialAction":[{"@type":"ReadAction","target":["https:\/\/24heuresdepeynier.com\/index.php\/associations-partenaires\/"]}]},{"@type":"ImageObject","inLanguage":"fr-FR","@id":"https:\/\/24heuresdepeynier.com\/index.php\/associations-partenaires\/#primaryimage","url":"https:\/\/24heuresdepeynier.com\/wp-content\/uploads\/2026\/01\/487202450_122115133562792806_751602356399916770_n.jpg","contentUrl":"https:\/\/24heuresdepeynier.com\/wp-content\/uploads\/2026\/01\/487202450_122115133562792806_751602356399916770_n.jpg","width":1440,"height":1440},{"@type":"BreadcrumbList","@id":"https:\/\/24heuresdepeynier.com\/index.php\/associations-partenaires\/#breadcrumb","itemListElement":[{"@type":"ListItem","position":1,"name":"Accueil","item":"https:\/\/24heuresdepeynier.com\/"},{"@type":"ListItem","position":2,"name":"Associations Partenaires"}]},{"@type":"WebSite","@id":"https:\/\/24heuresdepeynier.com\/#website","url":"https:\/\/24heuresdepeynier.com\/","name":"24 Heures de Peynier","description":"Ti\u00e9 un fada, tu crains d\u00e9gun!","publisher":{"@id":"https:\/\/24heuresdepeynier.com\/#organization"},"potentialAction":[{"@type":"SearchAction","target":{"@type":"EntryPoint","urlTemplate":"https:\/\/24heuresdepeynier.com\/?s={search_term_string}"},"query-input":{"@type":"PropertyValueSpecification","valueRequired":true,"valueName":"search_term_string"}}],"inLanguage":"fr-FR"},{"@type":"Organization","@id":"https:\/\/24heuresdepeynier.com\/#organization","name":"Les Fada De Peynier","url":"https:\/\/24heuresdepeynier.com\/","logo":{"@type":"ImageObject","inLanguage":"fr-FR","@id":"https:\/\/24heuresdepeynier.com\/#\/schema\/logo\/image\/","url":"https:\/\/24heuresdepeynier.com\/wp-content\/uploads\/2025\/11\/cropped-Mini_24HPeynier-1.png","contentUrl":"https:\/\/24heuresdepeynier.com\/wp-content\/uploads\/2025\/11\/cropped-Mini_24HPeynier-1.png","width":512,"height":512,"caption":"Les Fada De Peynier"},"image":{"@id":"https:\/\/24heuresdepeynier.com\/#\/schema\/logo\/image\/"},"sameAs":["https:\/\/www.facebook.com\/24hpeynier","https:\/\/www.instagram.com\/24h6hpeynier"]}]}},"_links":{"self":[{"href":"https:\/\/24heuresdepeynier.com\/index.php\/wp-json\/wp\/v2\/pages\/5557","targetHints":{"allow":["GET"]}}],"collection":[{"href":"https:\/\/24heuresdepeynier.com\/index.php\/wp-json\/wp\/v2\/pages"}],"about":[{"href":"https:\/\/24heuresdepeynier.com\/index.php\/wp-json\/wp\/v2\/types\/page"}],"author":[{"embeddable":true,"href":"https:\/\/24heuresdepeynier.com\/index.php\/wp-json\/wp\/v2\/users\/5"}],"replies":[{"embeddable":true,"href":"https:\/\/24heuresdepeynier.com\/index.php\/wp-json\/wp\/v2\/comments?post=5557"}],"version-history":[{"count":31,"href":"https:\/\/24heuresdepeynier.com\/index.php\/wp-json\/wp\/v2\/pages\/5557\/revisions"}],"predecessor-version":[{"id":5749,"href":"https:\/\/24heuresdepeynier.com\/index.php\/wp-json\/wp\/v2\/pages\/5557\/revisions\/5749"}],"wp:attachment":[{"href":"https:\/\/24heuresdepeynier.com\/index.php\/wp-json\/wp\/v2\/media?parent=5557"}],"curies":[{"name":"wp","href":"https:\/\/api.w.org\/{rel}","templated":true}]}}