{"id":3268,"date":"2024-04-22T20:39:06","date_gmt":"2024-04-22T18:39:06","guid":{"rendered":"https:\/\/24heuresdepeynier.com\/?page_id=3268"},"modified":"2025-11-24T16:36:31","modified_gmt":"2025-11-24T15:36:31","slug":"reservation-soiree","status":"publish","type":"page","link":"https:\/\/24heuresdepeynier.com\/index.php\/reservation-soiree\/","title":{"rendered":"R\u00e9servation soir\u00e9e"},"content":{"rendered":"\t\t<div data-elementor-type=\"wp-page\" data-elementor-id=\"3268\" class=\"elementor elementor-3268\" data-elementor-post-type=\"page\">\n\t\t\t\t\t\t<section class=\"elementor-section elementor-top-section elementor-element elementor-element-d45bbce elementor-section-boxed elementor-section-height-default elementor-section-height-default\" data-id=\"d45bbce\" data-element_type=\"section\">\n\t\t\t\t\t\t<div class=\"elementor-container elementor-column-gap-default\">\n\t\t\t\t\t<div class=\"elementor-column elementor-col-100 elementor-top-column elementor-element elementor-element-0d4981e\" data-id=\"0d4981e\" data-element_type=\"column\">\n\t\t\t<div class=\"elementor-widget-wrap elementor-element-populated\">\n\t\t\t\t\t\t<div class=\"elementor-element elementor-element-7420d4d elementor-widget elementor-widget-heading\" data-id=\"7420d4d\" data-element_type=\"widget\" data-widget_type=\"heading.default\">\n\t\t\t\t<div class=\"elementor-widget-container\">\n\t\t\t\t\t<h2 class=\"elementor-heading-title elementor-size-default\">R\u00e9servation <span style=\"font-size: 2rem\">Soir\u00e9e des Fada du samedi 23 Mai<\/span><\/h2>\t\t\t\t<\/div>\n\t\t\t\t<\/div>\n\t\t\t\t\t<\/div>\n\t\t<\/div>\n\t\t\t\t\t<\/div>\n\t\t<\/section>\n\t\t\t\t<section class=\"elementor-section elementor-top-section elementor-element elementor-element-33f264f elementor-section-boxed elementor-section-height-default elementor-section-height-default\" data-id=\"33f264f\" data-element_type=\"section\">\n\t\t\t\t\t\t<div class=\"elementor-container elementor-column-gap-default\">\n\t\t\t\t\t<div class=\"elementor-column elementor-col-100 elementor-top-column elementor-element elementor-element-7eeea40\" data-id=\"7eeea40\" data-element_type=\"column\">\n\t\t\t<div class=\"elementor-widget-wrap elementor-element-populated\">\n\t\t\t\t\t\t<div class=\"elementor-element elementor-element-4cbf24a elementor-widget elementor-widget-text-editor\" data-id=\"4cbf24a\" data-element_type=\"widget\" data-widget_type=\"text-editor.default\">\n\t\t\t\t<div class=\"elementor-widget-container\">\n\t\t\t\t\t\t\t\t\t<p>Les r\u00e9servations pour la Soir\u00e9e des Fadas ouvriront tr\u00e8s bient\u00f4t.<br data-start=\"166\" data-end=\"169\" \/>Nous finalisons les derniers d\u00e9tails\u2026 Revenez un peu plus tard pour r\u00e9server votre place !<\/p>\t\t\t\t\t\t\t\t<\/div>\n\t\t\t\t<\/div>\n\t\t\t\t\t<\/div>\n\t\t<\/div>\n\t\t\t\t\t<\/div>\n\t\t<\/section>\n\t\t\t\t<section class=\"elementor-section elementor-top-section elementor-element elementor-element-a6282c9 elementor-section-boxed elementor-section-height-default elementor-section-height-default\" data-id=\"a6282c9\" data-element_type=\"section\">\n\t\t\t\t\t\t<div class=\"elementor-container elementor-column-gap-default\">\n\t\t\t\t\t<div class=\"elementor-column elementor-col-100 elementor-top-column elementor-element elementor-element-ebc5c15\" data-id=\"ebc5c15\" data-element_type=\"column\">\n\t\t\t<div class=\"elementor-widget-wrap\">\n\t\t\t\t\t\t\t<\/div>\n\t\t<\/div>\n\t\t\t\t\t<\/div>\n\t\t<\/section>\n\t\t\t\t<\/div>\n\t\t","protected":false},"excerpt":{"rendered":"<p>R\u00e9servation Soir\u00e9e des Fada du samedi 23 Mai Les r\u00e9servations pour la Soir\u00e9e des Fadas ouvriront tr\u00e8s bient\u00f4t.Nous finalisons les derniers d\u00e9tails\u2026 Revenez un peu plus tard pour r\u00e9server votre place !<\/p>\n","protected":false},"author":4,"featured_media":0,"parent":0,"menu_order":0,"comment_status":"closed","ping_status":"closed","template":"","meta":{"site-sidebar-layout":"no-sidebar","site-content-layout":"page-builder","ast-site-content-layout":"full-width-container","site-content-style":"unboxed","site-sidebar-style":"unboxed","ast-global-header-display":"","ast-banner-title-visibility":"","ast-main-header-display":"","ast-hfb-above-header-display":"","ast-hfb-below-header-display":"","ast-hfb-mobile-header-display":"","site-post-title":"disabled","ast-breadcrumbs-content":"","ast-featured-img":"disabled","footer-sml-layout":"","theme-transparent-header-meta":"","adv-header-id-meta":"","stick-header-meta":"","header-above-stick-meta":"","header-main-stick-meta":"","header-below-stick-meta":"","astra-migrate-meta-layouts":"set","ast-page-background-enabled":"default","ast-page-background-meta":{"desktop":{"background-color":"var(--ast-global-color-4)","background-image":"","background-repeat":"repeat","background-position":"center center","background-size":"auto","background-attachment":"scroll","background-type":"","background-media":"","overlay-type":"","overlay-color":"","overlay-opacity":"","overlay-gradient":""},"tablet":{"background-color":"","background-image":"","background-repeat":"repeat","background-position":"center center","background-size":"auto","background-attachment":"scroll","background-type":"","background-media":"","overlay-type":"","overlay-color":"","overlay-opacity":"","overlay-gradient":""},"mobile":{"background-color":"","background-image":"","background-repeat":"repeat","background-position":"center center","background-size":"auto","background-attachment":"scroll","background-type":"","background-media":"","overlay-type":"","overlay-color":"","overlay-opacity":"","overlay-gradient":""}},"ast-content-background-meta":{"desktop":{"background-color":"var(--ast-global-color-5)","background-image":"","background-repeat":"repeat","background-position":"center center","background-size":"auto","background-attachment":"scroll","background-type":"","background-media":"","overlay-type":"","overlay-color":"","overlay-opacity":"","overlay-gradient":""},"tablet":{"background-color":"var(--ast-global-color-5)","background-image":"","background-repeat":"repeat","background-position":"center center","background-size":"auto","background-attachment":"scroll","background-type":"","background-media":"","overlay-type":"","overlay-color":"","overlay-opacity":"","overlay-gradient":""},"mobile":{"background-color":"var(--ast-global-color-5)","background-image":"","background-repeat":"repeat","background-position":"center center","background-size":"auto","background-attachment":"scroll","background-type":"","background-media":"","overlay-type":"","overlay-color":"","overlay-opacity":"","overlay-gradient":""}},"_themeisle_gutenberg_block_has_review":false,"footnotes":""},"class_list":["post-3268","page","type-page","status-publish","hentry"],"yoast_head":"<!-- This site is optimized with the Yoast SEO plugin v26.4 - https:\/\/yoast.com\/wordpress\/plugins\/seo\/ -->\n<title>R\u00e9servation soir\u00e9e - 24 Heures de Peynier<\/title>\n<meta name=\"description\" content=\"Son parcours nature, son cadre atypique, ses b\u00e9n\u00e9voles survolt\u00e9s font des 24 Heures de Peynier une aventure \u00e0 part, alors contactez-nous !!\" \/>\n<meta name=\"robots\" content=\"index, follow, max-snippet:-1, max-image-preview:large, max-video-preview:-1\" \/>\n<link rel=\"canonical\" href=\"https:\/\/24heuresdepeynier.com\/index.php\/reservation-soiree\/\" \/>\n<meta property=\"og:locale\" content=\"fr_FR\" \/>\n<meta property=\"og:type\" content=\"article\" \/>\n<meta property=\"og:title\" content=\"R\u00e9servation soir\u00e9e - 24 Heures de Peynier\" \/>\n<meta property=\"og:description\" content=\"Son parcours nature, son cadre atypique, ses b\u00e9n\u00e9voles survolt\u00e9s font des 24 Heures de Peynier une aventure \u00e0 part, alors contactez-nous !!\" \/>\n<meta property=\"og:url\" content=\"https:\/\/24heuresdepeynier.com\/index.php\/reservation-soiree\/\" \/>\n<meta property=\"og:site_name\" content=\"24 Heures de Peynier\" \/>\n<meta property=\"article:publisher\" content=\"https:\/\/www.facebook.com\/24hpeynier\" \/>\n<meta property=\"article:modified_time\" content=\"2025-11-24T15:36:31+00:00\" \/>\n<meta property=\"og:image\" content=\"https:\/\/24heuresdepeynier.com\/wp-content\/uploads\/2025\/11\/cropped-Mini_24HPeynier-1.png\" \/>\n\t<meta property=\"og:image:width\" content=\"512\" \/>\n\t<meta property=\"og:image:height\" content=\"512\" \/>\n\t<meta property=\"og:image:type\" content=\"image\/png\" \/>\n<meta name=\"twitter:card\" content=\"summary_large_image\" \/>\n<meta name=\"twitter:label1\" content=\"Dur\u00e9e de lecture estim\u00e9e\" \/>\n\t<meta name=\"twitter:data1\" content=\"1 minute\" \/>\n<script type=\"application\/ld+json\" class=\"yoast-schema-graph\">{\"@context\":\"https:\/\/schema.org\",\"@graph\":[{\"@type\":\"WebPage\",\"@id\":\"https:\/\/24heuresdepeynier.com\/index.php\/reservation-soiree\/\",\"url\":\"https:\/\/24heuresdepeynier.com\/index.php\/reservation-soiree\/\",\"name\":\"R\u00e9servation soir\u00e9e - 24 Heures de Peynier\",\"isPartOf\":{\"@id\":\"https:\/\/24heuresdepeynier.com\/#website\"},\"datePublished\":\"2024-04-22T18:39:06+00:00\",\"dateModified\":\"2025-11-24T15:36:31+00:00\",\"description\":\"Son parcours nature, son cadre atypique, ses b\u00e9n\u00e9voles survolt\u00e9s font des 24 Heures de Peynier une aventure \u00e0 part, alors contactez-nous !!\",\"breadcrumb\":{\"@id\":\"https:\/\/24heuresdepeynier.com\/index.php\/reservation-soiree\/#breadcrumb\"},\"inLanguage\":\"fr-FR\",\"potentialAction\":[{\"@type\":\"ReadAction\",\"target\":[\"https:\/\/24heuresdepeynier.com\/index.php\/reservation-soiree\/\"]}]},{\"@type\":\"BreadcrumbList\",\"@id\":\"https:\/\/24heuresdepeynier.com\/index.php\/reservation-soiree\/#breadcrumb\",\"itemListElement\":[{\"@type\":\"ListItem\",\"position\":1,\"name\":\"Accueil\",\"item\":\"https:\/\/24heuresdepeynier.com\/\"},{\"@type\":\"ListItem\",\"position\":2,\"name\":\"R\u00e9servation soir\u00e9e\"}]},{\"@type\":\"WebSite\",\"@id\":\"https:\/\/24heuresdepeynier.com\/#website\",\"url\":\"https:\/\/24heuresdepeynier.com\/\",\"name\":\"24 Heures de Peynier\",\"description\":\"Ti\u00e9 un fada, tu crains d\u00e9gun!\",\"publisher\":{\"@id\":\"https:\/\/24heuresdepeynier.com\/#organization\"},\"potentialAction\":[{\"@type\":\"SearchAction\",\"target\":{\"@type\":\"EntryPoint\",\"urlTemplate\":\"https:\/\/24heuresdepeynier.com\/?s={search_term_string}\"},\"query-input\":{\"@type\":\"PropertyValueSpecification\",\"valueRequired\":true,\"valueName\":\"search_term_string\"}}],\"inLanguage\":\"fr-FR\"},{\"@type\":\"Organization\",\"@id\":\"https:\/\/24heuresdepeynier.com\/#organization\",\"name\":\"Les Fada De Peynier\",\"url\":\"https:\/\/24heuresdepeynier.com\/\",\"logo\":{\"@type\":\"ImageObject\",\"inLanguage\":\"fr-FR\",\"@id\":\"https:\/\/24heuresdepeynier.com\/#\/schema\/logo\/image\/\",\"url\":\"https:\/\/24heuresdepeynier.com\/wp-content\/uploads\/2025\/11\/cropped-Mini_24HPeynier-1.png\",\"contentUrl\":\"https:\/\/24heuresdepeynier.com\/wp-content\/uploads\/2025\/11\/cropped-Mini_24HPeynier-1.png\",\"width\":512,\"height\":512,\"caption\":\"Les Fada De Peynier\"},\"image\":{\"@id\":\"https:\/\/24heuresdepeynier.com\/#\/schema\/logo\/image\/\"},\"sameAs\":[\"https:\/\/www.facebook.com\/24hpeynier\",\"https:\/\/www.instagram.com\/24h6hpeynier\"]}]}<\/script>\n<!-- \/ Yoast SEO plugin. -->","yoast_head_json":{"title":"R\u00e9servation soir\u00e9e - 24 Heures de Peynier","description":"Son parcours nature, son cadre atypique, ses b\u00e9n\u00e9voles survolt\u00e9s font des 24 Heures de Peynier une aventure \u00e0 part, alors contactez-nous !!","robots":{"index":"index","follow":"follow","max-snippet":"max-snippet:-1","max-image-preview":"max-image-preview:large","max-video-preview":"max-video-preview:-1"},"canonical":"https:\/\/24heuresdepeynier.com\/index.php\/reservation-soiree\/","og_locale":"fr_FR","og_type":"article","og_title":"R\u00e9servation soir\u00e9e - 24 Heures de Peynier","og_description":"Son parcours nature, son cadre atypique, ses b\u00e9n\u00e9voles survolt\u00e9s font des 24 Heures de Peynier une aventure \u00e0 part, alors contactez-nous !!","og_url":"https:\/\/24heuresdepeynier.com\/index.php\/reservation-soiree\/","og_site_name":"24 Heures de Peynier","article_publisher":"https:\/\/www.facebook.com\/24hpeynier","article_modified_time":"2025-11-24T15:36:31+00:00","og_image":[{"width":512,"height":512,"url":"https:\/\/24heuresdepeynier.com\/wp-content\/uploads\/2025\/11\/cropped-Mini_24HPeynier-1.png","type":"image\/png"}],"twitter_card":"summary_large_image","twitter_misc":{"Dur\u00e9e de lecture estim\u00e9e":"1 minute"},"schema":{"@context":"https:\/\/schema.org","@graph":[{"@type":"WebPage","@id":"https:\/\/24heuresdepeynier.com\/index.php\/reservation-soiree\/","url":"https:\/\/24heuresdepeynier.com\/index.php\/reservation-soiree\/","name":"R\u00e9servation soir\u00e9e - 24 Heures de Peynier","isPartOf":{"@id":"https:\/\/24heuresdepeynier.com\/#website"},"datePublished":"2024-04-22T18:39:06+00:00","dateModified":"2025-11-24T15:36:31+00:00","description":"Son parcours nature, son cadre atypique, ses b\u00e9n\u00e9voles survolt\u00e9s font des 24 Heures de Peynier une aventure \u00e0 part, alors contactez-nous !!","breadcrumb":{"@id":"https:\/\/24heuresdepeynier.com\/index.php\/reservation-soiree\/#breadcrumb"},"inLanguage":"fr-FR","potentialAction":[{"@type":"ReadAction","target":["https:\/\/24heuresdepeynier.com\/index.php\/reservation-soiree\/"]}]},{"@type":"BreadcrumbList","@id":"https:\/\/24heuresdepeynier.com\/index.php\/reservation-soiree\/#breadcrumb","itemListElement":[{"@type":"ListItem","position":1,"name":"Accueil","item":"https:\/\/24heuresdepeynier.com\/"},{"@type":"ListItem","position":2,"name":"R\u00e9servation soir\u00e9e"}]},{"@type":"WebSite","@id":"https:\/\/24heuresdepeynier.com\/#website","url":"https:\/\/24heuresdepeynier.com\/","name":"24 Heures de Peynier","description":"Ti\u00e9 un fada, tu crains d\u00e9gun!","publisher":{"@id":"https:\/\/24heuresdepeynier.com\/#organization"},"potentialAction":[{"@type":"SearchAction","target":{"@type":"EntryPoint","urlTemplate":"https:\/\/24heuresdepeynier.com\/?s={search_term_string}"},"query-input":{"@type":"PropertyValueSpecification","valueRequired":true,"valueName":"search_term_string"}}],"inLanguage":"fr-FR"},{"@type":"Organization","@id":"https:\/\/24heuresdepeynier.com\/#organization","name":"Les Fada De Peynier","url":"https:\/\/24heuresdepeynier.com\/","logo":{"@type":"ImageObject","inLanguage":"fr-FR","@id":"https:\/\/24heuresdepeynier.com\/#\/schema\/logo\/image\/","url":"https:\/\/24heuresdepeynier.com\/wp-content\/uploads\/2025\/11\/cropped-Mini_24HPeynier-1.png","contentUrl":"https:\/\/24heuresdepeynier.com\/wp-content\/uploads\/2025\/11\/cropped-Mini_24HPeynier-1.png","width":512,"height":512,"caption":"Les Fada De Peynier"},"image":{"@id":"https:\/\/24heuresdepeynier.com\/#\/schema\/logo\/image\/"},"sameAs":["https:\/\/www.facebook.com\/24hpeynier","https:\/\/www.instagram.com\/24h6hpeynier"]}]}},"_links":{"self":[{"href":"https:\/\/24heuresdepeynier.com\/index.php\/wp-json\/wp\/v2\/pages\/3268","targetHints":{"allow":["GET"]}}],"collection":[{"href":"https:\/\/24heuresdepeynier.com\/index.php\/wp-json\/wp\/v2\/pages"}],"about":[{"href":"https:\/\/24heuresdepeynier.com\/index.php\/wp-json\/wp\/v2\/types\/page"}],"author":[{"embeddable":true,"href":"https:\/\/24heuresdepeynier.com\/index.php\/wp-json\/wp\/v2\/users\/4"}],"replies":[{"embeddable":true,"href":"https:\/\/24heuresdepeynier.com\/index.php\/wp-json\/wp\/v2\/comments?post=3268"}],"version-history":[{"count":18,"href":"https:\/\/24heuresdepeynier.com\/index.php\/wp-json\/wp\/v2\/pages\/3268\/revisions"}],"predecessor-version":[{"id":5666,"href":"https:\/\/24heuresdepeynier.com\/index.php\/wp-json\/wp\/v2\/pages\/3268\/revisions\/5666"}],"wp:attachment":[{"href":"https:\/\/24heuresdepeynier.com\/index.php\/wp-json\/wp\/v2\/media?parent=3268"}],"curies":[{"name":"wp","href":"https:\/\/api.w.org\/{rel}","templated":true}]}}