{"id":2820,"date":"2023-11-19T14:29:48","date_gmt":"2023-11-19T13:29:48","guid":{"rendered":"https:\/\/24heuresdepeynier.com\/?page_id=2820"},"modified":"2023-11-25T00:32:26","modified_gmt":"2023-11-24T23:32:26","slug":"localisation-24-heures-de-peynier","status":"publish","type":"page","link":"https:\/\/24heuresdepeynier.com\/index.php\/localisation-24-heures-de-peynier\/","title":{"rendered":"Localisation"},"content":{"rendered":"\t\t<div data-elementor-type=\"wp-page\" data-elementor-id=\"2820\" class=\"elementor elementor-2820\" data-elementor-post-type=\"page\">\n\t\t\t\t\t\t<section class=\"elementor-section elementor-top-section elementor-element elementor-element-44665b2c elementor-section-full_width elementor-section-height-default elementor-section-height-default\" data-id=\"44665b2c\" data-element_type=\"section\">\n\t\t\t\t\t\t<div class=\"elementor-container elementor-column-gap-default\">\n\t\t\t\t\t<div class=\"elementor-column elementor-col-100 elementor-top-column elementor-element elementor-element-77860be1\" data-id=\"77860be1\" data-element_type=\"column\">\n\t\t\t<div class=\"elementor-widget-wrap elementor-element-populated\">\n\t\t\t\t\t\t<div class=\"elementor-element elementor-element-7c16888 elementor-widget elementor-widget-heading\" data-id=\"7c16888\" data-element_type=\"widget\" data-widget_type=\"heading.default\">\n\t\t\t\t<div class=\"elementor-widget-container\">\n\t\t\t\t\t<h2 class=\"elementor-heading-title elementor-size-default\">Localisation<\/h2>\t\t\t\t<\/div>\n\t\t\t\t<\/div>\n\t\t\t\t<div class=\"elementor-element elementor-element-d15c192 elementor-widget elementor-widget-spacer\" data-id=\"d15c192\" data-element_type=\"widget\" data-widget_type=\"spacer.default\">\n\t\t\t\t<div class=\"elementor-widget-container\">\n\t\t\t\t\t\t\t<div class=\"elementor-spacer\">\n\t\t\t<div class=\"elementor-spacer-inner\"><\/div>\n\t\t<\/div>\n\t\t\t\t\t\t<\/div>\n\t\t\t\t<\/div>\n\t\t\t\t<div class=\"elementor-element elementor-element-5527227 elementor-view-default elementor-widget elementor-widget-icon\" data-id=\"5527227\" data-element_type=\"widget\" data-widget_type=\"icon.default\">\n\t\t\t\t<div class=\"elementor-widget-container\">\n\t\t\t\t\t\t\t<div class=\"elementor-icon-wrapper\">\n\t\t\t<div class=\"elementor-icon\">\n\t\t\t<i aria-hidden=\"true\" class=\"fas fa-map-signs\"><\/i>\t\t\t<\/div>\n\t\t<\/div>\n\t\t\t\t\t\t<\/div>\n\t\t\t\t<\/div>\n\t\t\t\t<div class=\"elementor-element elementor-element-cb77b55 elementor-widget elementor-widget-heading\" data-id=\"cb77b55\" data-element_type=\"widget\" data-widget_type=\"heading.default\">\n\t\t\t\t<div class=\"elementor-widget-container\">\n\t\t\t\t\t<h2 class=\"elementor-heading-title elementor-size-default\">Peynier (13790)<\/h2>\t\t\t\t<\/div>\n\t\t\t\t<\/div>\n\t\t\t\t\t<\/div>\n\t\t<\/div>\n\t\t\t\t\t<\/div>\n\t\t<\/section>\n\t\t\t\t<section class=\"elementor-section elementor-top-section elementor-element elementor-element-5812d37 elementor-section-full_width elementor-section-content-middle elementor-section-stretched elementor-section-height-default elementor-section-height-default\" data-id=\"5812d37\" data-element_type=\"section\" data-settings=\"{&quot;stretch_section&quot;:&quot;section-stretched&quot;}\">\n\t\t\t\t\t\t<div class=\"elementor-container elementor-column-gap-narrow\">\n\t\t\t\t\t<div class=\"elementor-column elementor-col-33 elementor-top-column elementor-element elementor-element-0e13a6d\" data-id=\"0e13a6d\" data-element_type=\"column\">\n\t\t\t<div class=\"elementor-widget-wrap elementor-element-populated\">\n\t\t\t\t\t\t<div class=\"elementor-element elementor-element-3740dd9 elementor-widget__width-initial elementor-widget elementor-widget-image\" data-id=\"3740dd9\" data-element_type=\"widget\" data-widget_type=\"image.default\">\n\t\t\t\t<div class=\"elementor-widget-container\">\n\t\t\t\t\t\t\t\t\t\t\t\t\t\t\t<img fetchpriority=\"high\" decoding=\"async\" width=\"2560\" height=\"1549\" src=\"https:\/\/24heuresdepeynier.com\/wp-content\/uploads\/2023\/11\/DJI_0458-Recovered-scaled.jpg\" class=\"attachment-full size-full wp-image-3041\" alt=\"\" srcset=\"https:\/\/24heuresdepeynier.com\/wp-content\/uploads\/2023\/11\/DJI_0458-Recovered-scaled.jpg 2560w, https:\/\/24heuresdepeynier.com\/wp-content\/uploads\/2023\/11\/DJI_0458-Recovered-300x182.jpg 300w, https:\/\/24heuresdepeynier.com\/wp-content\/uploads\/2023\/11\/DJI_0458-Recovered-1024x620.jpg 1024w, https:\/\/24heuresdepeynier.com\/wp-content\/uploads\/2023\/11\/DJI_0458-Recovered-768x465.jpg 768w, https:\/\/24heuresdepeynier.com\/wp-content\/uploads\/2023\/11\/DJI_0458-Recovered-1536x929.jpg 1536w, https:\/\/24heuresdepeynier.com\/wp-content\/uploads\/2023\/11\/DJI_0458-Recovered-2048x1239.jpg 2048w\" sizes=\"(max-width: 2560px) 100vw, 2560px\" \/>\t\t\t\t\t\t\t\t\t\t\t\t\t\t\t<\/div>\n\t\t\t\t<\/div>\n\t\t\t\t\t<\/div>\n\t\t<\/div>\n\t\t\t\t<div class=\"elementor-column elementor-col-33 elementor-top-column elementor-element elementor-element-c1683b5\" data-id=\"c1683b5\" data-element_type=\"column\">\n\t\t\t<div class=\"elementor-widget-wrap elementor-element-populated\">\n\t\t\t\t\t\t<div class=\"elementor-element elementor-element-1e7ee29 elementor-widget elementor-widget-image\" data-id=\"1e7ee29\" data-element_type=\"widget\" data-widget_type=\"image.default\">\n\t\t\t\t<div class=\"elementor-widget-container\">\n\t\t\t\t\t\t\t\t\t\t\t\t\t\t\t<img decoding=\"async\" width=\"1024\" height=\"400\" src=\"https:\/\/24heuresdepeynier.com\/wp-content\/uploads\/2023\/10\/Peynier.jpg\" class=\"attachment-full size-full wp-image-2124\" alt=\"\" srcset=\"https:\/\/24heuresdepeynier.com\/wp-content\/uploads\/2023\/10\/Peynier.jpg 1024w, https:\/\/24heuresdepeynier.com\/wp-content\/uploads\/2023\/10\/Peynier-300x117.jpg 300w, https:\/\/24heuresdepeynier.com\/wp-content\/uploads\/2023\/10\/Peynier-768x300.jpg 768w\" sizes=\"(max-width: 1024px) 100vw, 1024px\" \/>\t\t\t\t\t\t\t\t\t\t\t\t\t\t\t<\/div>\n\t\t\t\t<\/div>\n\t\t\t\t\t<\/div>\n\t\t<\/div>\n\t\t\t\t<div class=\"elementor-column elementor-col-33 elementor-top-column elementor-element elementor-element-b248571\" data-id=\"b248571\" data-element_type=\"column\">\n\t\t\t<div class=\"elementor-widget-wrap elementor-element-populated\">\n\t\t\t\t\t\t<div class=\"elementor-element elementor-element-201df53 elementor-widget elementor-widget-image\" data-id=\"201df53\" data-element_type=\"widget\" data-widget_type=\"image.default\">\n\t\t\t\t<div class=\"elementor-widget-container\">\n\t\t\t\t\t\t\t\t\t\t\t\t\t\t\t<img decoding=\"async\" width=\"2560\" height=\"1440\" src=\"https:\/\/24heuresdepeynier.com\/wp-content\/uploads\/2023\/11\/DJI_0447-scaled.jpg\" class=\"attachment-full size-full wp-image-3040\" alt=\"\" srcset=\"https:\/\/24heuresdepeynier.com\/wp-content\/uploads\/2023\/11\/DJI_0447-scaled.jpg 2560w, https:\/\/24heuresdepeynier.com\/wp-content\/uploads\/2023\/11\/DJI_0447-300x169.jpg 300w, https:\/\/24heuresdepeynier.com\/wp-content\/uploads\/2023\/11\/DJI_0447-1024x576.jpg 1024w, https:\/\/24heuresdepeynier.com\/wp-content\/uploads\/2023\/11\/DJI_0447-768x432.jpg 768w, https:\/\/24heuresdepeynier.com\/wp-content\/uploads\/2023\/11\/DJI_0447-1536x864.jpg 1536w, https:\/\/24heuresdepeynier.com\/wp-content\/uploads\/2023\/11\/DJI_0447-2048x1152.jpg 2048w\" sizes=\"(max-width: 2560px) 100vw, 2560px\" \/>\t\t\t\t\t\t\t\t\t\t\t\t\t\t\t<\/div>\n\t\t\t\t<\/div>\n\t\t\t\t\t<\/div>\n\t\t<\/div>\n\t\t\t\t\t<\/div>\n\t\t<\/section>\n\t\t\t\t<section class=\"elementor-section elementor-top-section elementor-element elementor-element-7c08c6e elementor-section-full_width elementor-section-height-default elementor-section-height-default\" data-id=\"7c08c6e\" data-element_type=\"section\">\n\t\t\t\t\t\t<div class=\"elementor-container elementor-column-gap-default\">\n\t\t\t\t\t<div class=\"elementor-column elementor-col-100 elementor-top-column elementor-element elementor-element-456a028\" data-id=\"456a028\" data-element_type=\"column\">\n\t\t\t<div class=\"elementor-widget-wrap elementor-element-populated\">\n\t\t\t\t\t\t<div class=\"elementor-element elementor-element-383d89d elementor-widget__width-initial elementor-widget elementor-widget-text-editor\" data-id=\"383d89d\" data-element_type=\"widget\" data-widget_type=\"text-editor.default\">\n\t\t\t\t<div class=\"elementor-widget-container\">\n\t\t\t\t\t\t\t\t\t<p>Commune foresti\u00e8re situ\u00e9 \u00e0 40 Km de Marseille et 20 Km d&rsquo;Aix-en-Provence, Peynier petit village proven\u00e7al, s&rsquo;\u00e9tend au coeur de la Haute Vall\u00e9e de l&rsquo;Arc entre la montagne Sainte Victoire au Nord et les pentes du massif du Regagnas au sud-est.<\/p><section data-id=\"1da9735\" data-element_type=\"section\" data-model-cid=\"c46\"><section data-id=\"cdfc5be\" data-element_type=\"section\" data-model-cid=\"c48\"><h2 contenteditable=\"true\" data-elementor-setting-key=\"title\" data-pen-placeholder=\"\u00c9crivez ici...\">\u00a0<\/h2><\/section><\/section>\t\t\t\t\t\t\t\t<\/div>\n\t\t\t\t<\/div>\n\t\t\t\t<div class=\"elementor-element elementor-element-5a18a67 elementor-view-default elementor-widget elementor-widget-icon\" data-id=\"5a18a67\" data-element_type=\"widget\" data-widget_type=\"icon.default\">\n\t\t\t\t<div class=\"elementor-widget-container\">\n\t\t\t\t\t\t\t<div class=\"elementor-icon-wrapper\">\n\t\t\t<div class=\"elementor-icon\">\n\t\t\t<i aria-hidden=\"true\" class=\"fas fa-globe-americas\"><\/i>\t\t\t<\/div>\n\t\t<\/div>\n\t\t\t\t\t\t<\/div>\n\t\t\t\t<\/div>\n\t\t\t\t<div class=\"elementor-element elementor-element-7af227d elementor-widget elementor-widget-heading\" data-id=\"7af227d\" data-element_type=\"widget\" data-widget_type=\"heading.default\">\n\t\t\t\t<div class=\"elementor-widget-container\">\n\t\t\t\t\t<h2 class=\"elementor-heading-title elementor-size-default\">Lieu de l'\u00e9v\u00e8nement<\/h2>\t\t\t\t<\/div>\n\t\t\t\t<\/div>\n\t\t\t\t<div class=\"elementor-element elementor-element-6d6cba3 elementor-widget elementor-widget-google_maps\" data-id=\"6d6cba3\" data-element_type=\"widget\" data-widget_type=\"google_maps.default\">\n\t\t\t\t<div class=\"elementor-widget-container\">\n\t\t\t\t\t\t\t<div class=\"elementor-custom-embed\">\n\t\t\t<iframe loading=\"lazy\"\n\t\t\t\t\tsrc=\"https:\/\/www.google.com\/maps\/embed\/v1\/place?key=AIzaSyABC0Nv5w0Z0kSCOD0ymjFIi4ygs2cWa3M&#038;q=Centre%20de%20loisirs%20de%20la%20garenne%2C%20Peynier%2013790&#038;zoom=6\"\n\t\t\t\t\ttitle=\"Centre de loisirs de la garenne, Peynier 13790\"\n\t\t\t\t\taria-label=\"Centre de loisirs de la garenne, Peynier 13790\"\n\t\t\t><\/iframe>\n\t\t<\/div>\n\t\t\t\t\t\t<\/div>\n\t\t\t\t<\/div>\n\t\t\t\t<div class=\"elementor-element elementor-element-2cab305 elementor-widget elementor-widget-spacer\" data-id=\"2cab305\" data-element_type=\"widget\" data-widget_type=\"spacer.default\">\n\t\t\t\t<div class=\"elementor-widget-container\">\n\t\t\t\t\t\t\t<div class=\"elementor-spacer\">\n\t\t\t<div class=\"elementor-spacer-inner\"><\/div>\n\t\t<\/div>\n\t\t\t\t\t\t<\/div>\n\t\t\t\t<\/div>\n\t\t\t\t<div class=\"elementor-element elementor-element-8fb44c5 elementor-view-default elementor-widget elementor-widget-icon\" data-id=\"8fb44c5\" data-element_type=\"widget\" data-widget_type=\"icon.default\">\n\t\t\t\t<div class=\"elementor-widget-container\">\n\t\t\t\t\t\t\t<div class=\"elementor-icon-wrapper\">\n\t\t\t<div class=\"elementor-icon\">\n\t\t\t<i aria-hidden=\"true\" class=\"fas fa-search-plus\"><\/i>\t\t\t<\/div>\n\t\t<\/div>\n\t\t\t\t\t\t<\/div>\n\t\t\t\t<\/div>\n\t\t\t\t<div class=\"elementor-element elementor-element-42ba684 elementor-widget elementor-widget-heading\" data-id=\"42ba684\" data-element_type=\"widget\" data-widget_type=\"heading.default\">\n\t\t\t\t<div class=\"elementor-widget-container\">\n\t\t\t\t\t<h2 class=\"elementor-heading-title elementor-size-default\">Base de loisirs de la Garenne<\/h2>\t\t\t\t<\/div>\n\t\t\t\t<\/div>\n\t\t\t\t<div class=\"elementor-element elementor-element-88b61d9 elementor-widget elementor-widget-google_maps\" data-id=\"88b61d9\" data-element_type=\"widget\" data-widget_type=\"google_maps.default\">\n\t\t\t\t<div class=\"elementor-widget-container\">\n\t\t\t\t\t\t\t<div class=\"elementor-custom-embed\">\n\t\t\t<iframe loading=\"lazy\"\n\t\t\t\t\tsrc=\"https:\/\/www.google.com\/maps\/embed\/v1\/place?key=AIzaSyABC0Nv5w0Z0kSCOD0ymjFIi4ygs2cWa3M&#038;q=Base%20de%20loisirs%20de%20la%20garenne%20Peynier%2013790&#038;zoom=11\"\n\t\t\t\t\ttitle=\"Base de loisirs de la garenne Peynier 13790\"\n\t\t\t\t\taria-label=\"Base de loisirs de la garenne Peynier 13790\"\n\t\t\t><\/iframe>\n\t\t<\/div>\n\t\t\t\t\t\t<\/div>\n\t\t\t\t<\/div>\n\t\t\t\t\t<\/div>\n\t\t<\/div>\n\t\t\t\t\t<\/div>\n\t\t<\/section>\n\t\t\t\t<section class=\"elementor-section elementor-top-section elementor-element elementor-element-2101289 elementor-section-boxed elementor-section-height-default elementor-section-height-default\" data-id=\"2101289\" data-element_type=\"section\">\n\t\t\t\t\t\t<div class=\"elementor-container elementor-column-gap-default\">\n\t\t\t\t\t<div class=\"elementor-column elementor-col-100 elementor-top-column elementor-element elementor-element-c9ed43e\" data-id=\"c9ed43e\" data-element_type=\"column\">\n\t\t\t<div class=\"elementor-widget-wrap\">\n\t\t\t\t\t\t\t<\/div>\n\t\t<\/div>\n\t\t\t\t\t<\/div>\n\t\t<\/section>\n\t\t\t\t<\/div>\n\t\t","protected":false},"excerpt":{"rendered":"<p>Localisation Peynier (13790) Commune foresti\u00e8re situ\u00e9 \u00e0 40 Km de Marseille et 20 Km d&rsquo;Aix-en-Provence, Peynier petit village proven\u00e7al, s&rsquo;\u00e9tend au coeur de la Haute Vall\u00e9e de l&rsquo;Arc entre la montagne Sainte Victoire au Nord et les pentes du massif du Regagnas au sud-est. \u00a0 Lieu de l&rsquo;\u00e9v\u00e8nement Base de loisirs de la Garenne<\/p>\n","protected":false},"author":4,"featured_media":0,"parent":0,"menu_order":0,"comment_status":"closed","ping_status":"closed","template":"","meta":{"site-sidebar-layout":"no-sidebar","site-content-layout":"page-builder","ast-site-content-layout":"default","site-content-style":"default","site-sidebar-style":"default","ast-global-header-display":"","ast-banner-title-visibility":"","ast-main-header-display":"","ast-hfb-above-header-display":"","ast-hfb-below-header-display":"","ast-hfb-mobile-header-display":"","site-post-title":"disabled","ast-breadcrumbs-content":"","ast-featured-img":"disabled","footer-sml-layout":"","theme-transparent-header-meta":"","adv-header-id-meta":"","stick-header-meta":"","header-above-stick-meta":"","header-main-stick-meta":"","header-below-stick-meta":"","astra-migrate-meta-layouts":"default","ast-page-background-enabled":"default","ast-page-background-meta":{"desktop":{"background-color":"var(--ast-global-color-4)","background-image":"","background-repeat":"repeat","background-position":"center center","background-size":"auto","background-attachment":"scroll","background-type":"","background-media":"","overlay-type":"","overlay-color":"","overlay-opacity":"","overlay-gradient":""},"tablet":{"background-color":"","background-image":"","background-repeat":"repeat","background-position":"center center","background-size":"auto","background-attachment":"scroll","background-type":"","background-media":"","overlay-type":"","overlay-color":"","overlay-opacity":"","overlay-gradient":""},"mobile":{"background-color":"","background-image":"","background-repeat":"repeat","background-position":"center center","background-size":"auto","background-attachment":"scroll","background-type":"","background-media":"","overlay-type":"","overlay-color":"","overlay-opacity":"","overlay-gradient":""}},"ast-content-background-meta":{"desktop":{"background-color":"var(--ast-global-color-5)","background-image":"","background-repeat":"repeat","background-position":"center center","background-size":"auto","background-attachment":"scroll","background-type":"","background-media":"","overlay-type":"","overlay-color":"","overlay-opacity":"","overlay-gradient":""},"tablet":{"background-color":"var(--ast-global-color-5)","background-image":"","background-repeat":"repeat","background-position":"center center","background-size":"auto","background-attachment":"scroll","background-type":"","background-media":"","overlay-type":"","overlay-color":"","overlay-opacity":"","overlay-gradient":""},"mobile":{"background-color":"var(--ast-global-color-5)","background-image":"","background-repeat":"repeat","background-position":"center center","background-size":"auto","background-attachment":"scroll","background-type":"","background-media":"","overlay-type":"","overlay-color":"","overlay-opacity":"","overlay-gradient":""}},"_themeisle_gutenberg_block_has_review":false,"footnotes":""},"class_list":["post-2820","page","type-page","status-publish","hentry"],"yoast_head":"<!-- This site is optimized with the Yoast SEO plugin v26.4 - https:\/\/yoast.com\/wordpress\/plugins\/seo\/ -->\n<title>Localisation 24 Heures de Peynier<\/title>\n<meta name=\"description\" content=\"Consulte le programme officiel des 24 Heures de Peynier et prends note du d\u00e9roul\u00e9 des \u00e9v\u00e9nements afin de profiter au maximum de l\u2019exp\u00e9rience.\" \/>\n<meta name=\"robots\" content=\"index, follow, max-snippet:-1, max-image-preview:large, max-video-preview:-1\" \/>\n<link rel=\"canonical\" href=\"https:\/\/24heuresdepeynier.com\/index.php\/localisation-24-heures-de-peynier\/\" \/>\n<meta property=\"og:locale\" content=\"fr_FR\" \/>\n<meta property=\"og:type\" content=\"article\" \/>\n<meta property=\"og:title\" content=\"Localisation 24 Heures de Peynier\" \/>\n<meta property=\"og:description\" content=\"Consulte le programme officiel des 24 Heures de Peynier et prends note du d\u00e9roul\u00e9 des \u00e9v\u00e9nements afin de profiter au maximum de l\u2019exp\u00e9rience.\" \/>\n<meta property=\"og:url\" content=\"https:\/\/24heuresdepeynier.com\/index.php\/localisation-24-heures-de-peynier\/\" \/>\n<meta property=\"og:site_name\" content=\"24 Heures de Peynier\" \/>\n<meta property=\"article:publisher\" content=\"https:\/\/www.facebook.com\/24hpeynier\" \/>\n<meta property=\"article:modified_time\" content=\"2023-11-24T23:32:26+00:00\" \/>\n<meta property=\"og:image\" content=\"https:\/\/24heuresdepeynier.com\/wp-content\/uploads\/2023\/11\/DJI_0458-Recovered-scaled.jpg\" \/>\n<meta name=\"twitter:card\" content=\"summary_large_image\" \/>\n<meta name=\"twitter:label1\" content=\"Dur\u00e9e de lecture estim\u00e9e\" \/>\n\t<meta name=\"twitter:data1\" content=\"1 minute\" \/>\n<script type=\"application\/ld+json\" class=\"yoast-schema-graph\">{\"@context\":\"https:\/\/schema.org\",\"@graph\":[{\"@type\":\"WebPage\",\"@id\":\"https:\/\/24heuresdepeynier.com\/index.php\/localisation-24-heures-de-peynier\/\",\"url\":\"https:\/\/24heuresdepeynier.com\/index.php\/localisation-24-heures-de-peynier\/\",\"name\":\"Localisation 24 Heures de Peynier\",\"isPartOf\":{\"@id\":\"https:\/\/24heuresdepeynier.com\/#website\"},\"primaryImageOfPage\":{\"@id\":\"https:\/\/24heuresdepeynier.com\/index.php\/localisation-24-heures-de-peynier\/#primaryimage\"},\"image\":{\"@id\":\"https:\/\/24heuresdepeynier.com\/index.php\/localisation-24-heures-de-peynier\/#primaryimage\"},\"thumbnailUrl\":\"https:\/\/24heuresdepeynier.com\/wp-content\/uploads\/2023\/11\/DJI_0458-Recovered-scaled.jpg\",\"datePublished\":\"2023-11-19T13:29:48+00:00\",\"dateModified\":\"2023-11-24T23:32:26+00:00\",\"description\":\"Consulte le programme officiel des 24 Heures de Peynier et prends note du d\u00e9roul\u00e9 des \u00e9v\u00e9nements afin de profiter au maximum de l\u2019exp\u00e9rience.\",\"breadcrumb\":{\"@id\":\"https:\/\/24heuresdepeynier.com\/index.php\/localisation-24-heures-de-peynier\/#breadcrumb\"},\"inLanguage\":\"fr-FR\",\"potentialAction\":[{\"@type\":\"ReadAction\",\"target\":[\"https:\/\/24heuresdepeynier.com\/index.php\/localisation-24-heures-de-peynier\/\"]}]},{\"@type\":\"ImageObject\",\"inLanguage\":\"fr-FR\",\"@id\":\"https:\/\/24heuresdepeynier.com\/index.php\/localisation-24-heures-de-peynier\/#primaryimage\",\"url\":\"https:\/\/24heuresdepeynier.com\/wp-content\/uploads\/2023\/11\/DJI_0458-Recovered-scaled.jpg\",\"contentUrl\":\"https:\/\/24heuresdepeynier.com\/wp-content\/uploads\/2023\/11\/DJI_0458-Recovered-scaled.jpg\",\"width\":2560,\"height\":1549},{\"@type\":\"BreadcrumbList\",\"@id\":\"https:\/\/24heuresdepeynier.com\/index.php\/localisation-24-heures-de-peynier\/#breadcrumb\",\"itemListElement\":[{\"@type\":\"ListItem\",\"position\":1,\"name\":\"Accueil\",\"item\":\"https:\/\/24heuresdepeynier.com\/\"},{\"@type\":\"ListItem\",\"position\":2,\"name\":\"Localisation\"}]},{\"@type\":\"WebSite\",\"@id\":\"https:\/\/24heuresdepeynier.com\/#website\",\"url\":\"https:\/\/24heuresdepeynier.com\/\",\"name\":\"24 Heures de Peynier\",\"description\":\"Ti\u00e9 un fada, tu crains d\u00e9gun!\",\"publisher\":{\"@id\":\"https:\/\/24heuresdepeynier.com\/#organization\"},\"potentialAction\":[{\"@type\":\"SearchAction\",\"target\":{\"@type\":\"EntryPoint\",\"urlTemplate\":\"https:\/\/24heuresdepeynier.com\/?s={search_term_string}\"},\"query-input\":{\"@type\":\"PropertyValueSpecification\",\"valueRequired\":true,\"valueName\":\"search_term_string\"}}],\"inLanguage\":\"fr-FR\"},{\"@type\":\"Organization\",\"@id\":\"https:\/\/24heuresdepeynier.com\/#organization\",\"name\":\"Les Fada De Peynier\",\"url\":\"https:\/\/24heuresdepeynier.com\/\",\"logo\":{\"@type\":\"ImageObject\",\"inLanguage\":\"fr-FR\",\"@id\":\"https:\/\/24heuresdepeynier.com\/#\/schema\/logo\/image\/\",\"url\":\"https:\/\/24heuresdepeynier.com\/wp-content\/uploads\/2025\/11\/cropped-Mini_24HPeynier-1.png\",\"contentUrl\":\"https:\/\/24heuresdepeynier.com\/wp-content\/uploads\/2025\/11\/cropped-Mini_24HPeynier-1.png\",\"width\":512,\"height\":512,\"caption\":\"Les Fada De Peynier\"},\"image\":{\"@id\":\"https:\/\/24heuresdepeynier.com\/#\/schema\/logo\/image\/\"},\"sameAs\":[\"https:\/\/www.facebook.com\/24hpeynier\",\"https:\/\/www.instagram.com\/24h6hpeynier\"]}]}<\/script>\n<!-- \/ Yoast SEO plugin. -->","yoast_head_json":{"title":"Localisation 24 Heures de Peynier","description":"Consulte le programme officiel des 24 Heures de Peynier et prends note du d\u00e9roul\u00e9 des \u00e9v\u00e9nements afin de profiter au maximum de l\u2019exp\u00e9rience.","robots":{"index":"index","follow":"follow","max-snippet":"max-snippet:-1","max-image-preview":"max-image-preview:large","max-video-preview":"max-video-preview:-1"},"canonical":"https:\/\/24heuresdepeynier.com\/index.php\/localisation-24-heures-de-peynier\/","og_locale":"fr_FR","og_type":"article","og_title":"Localisation 24 Heures de Peynier","og_description":"Consulte le programme officiel des 24 Heures de Peynier et prends note du d\u00e9roul\u00e9 des \u00e9v\u00e9nements afin de profiter au maximum de l\u2019exp\u00e9rience.","og_url":"https:\/\/24heuresdepeynier.com\/index.php\/localisation-24-heures-de-peynier\/","og_site_name":"24 Heures de Peynier","article_publisher":"https:\/\/www.facebook.com\/24hpeynier","article_modified_time":"2023-11-24T23:32:26+00:00","og_image":[{"url":"https:\/\/24heuresdepeynier.com\/wp-content\/uploads\/2023\/11\/DJI_0458-Recovered-scaled.jpg","type":"","width":"","height":""}],"twitter_card":"summary_large_image","twitter_misc":{"Dur\u00e9e de lecture estim\u00e9e":"1 minute"},"schema":{"@context":"https:\/\/schema.org","@graph":[{"@type":"WebPage","@id":"https:\/\/24heuresdepeynier.com\/index.php\/localisation-24-heures-de-peynier\/","url":"https:\/\/24heuresdepeynier.com\/index.php\/localisation-24-heures-de-peynier\/","name":"Localisation 24 Heures de Peynier","isPartOf":{"@id":"https:\/\/24heuresdepeynier.com\/#website"},"primaryImageOfPage":{"@id":"https:\/\/24heuresdepeynier.com\/index.php\/localisation-24-heures-de-peynier\/#primaryimage"},"image":{"@id":"https:\/\/24heuresdepeynier.com\/index.php\/localisation-24-heures-de-peynier\/#primaryimage"},"thumbnailUrl":"https:\/\/24heuresdepeynier.com\/wp-content\/uploads\/2023\/11\/DJI_0458-Recovered-scaled.jpg","datePublished":"2023-11-19T13:29:48+00:00","dateModified":"2023-11-24T23:32:26+00:00","description":"Consulte le programme officiel des 24 Heures de Peynier et prends note du d\u00e9roul\u00e9 des \u00e9v\u00e9nements afin de profiter au maximum de l\u2019exp\u00e9rience.","breadcrumb":{"@id":"https:\/\/24heuresdepeynier.com\/index.php\/localisation-24-heures-de-peynier\/#breadcrumb"},"inLanguage":"fr-FR","potentialAction":[{"@type":"ReadAction","target":["https:\/\/24heuresdepeynier.com\/index.php\/localisation-24-heures-de-peynier\/"]}]},{"@type":"ImageObject","inLanguage":"fr-FR","@id":"https:\/\/24heuresdepeynier.com\/index.php\/localisation-24-heures-de-peynier\/#primaryimage","url":"https:\/\/24heuresdepeynier.com\/wp-content\/uploads\/2023\/11\/DJI_0458-Recovered-scaled.jpg","contentUrl":"https:\/\/24heuresdepeynier.com\/wp-content\/uploads\/2023\/11\/DJI_0458-Recovered-scaled.jpg","width":2560,"height":1549},{"@type":"BreadcrumbList","@id":"https:\/\/24heuresdepeynier.com\/index.php\/localisation-24-heures-de-peynier\/#breadcrumb","itemListElement":[{"@type":"ListItem","position":1,"name":"Accueil","item":"https:\/\/24heuresdepeynier.com\/"},{"@type":"ListItem","position":2,"name":"Localisation"}]},{"@type":"WebSite","@id":"https:\/\/24heuresdepeynier.com\/#website","url":"https:\/\/24heuresdepeynier.com\/","name":"24 Heures de Peynier","description":"Ti\u00e9 un fada, tu crains d\u00e9gun!","publisher":{"@id":"https:\/\/24heuresdepeynier.com\/#organization"},"potentialAction":[{"@type":"SearchAction","target":{"@type":"EntryPoint","urlTemplate":"https:\/\/24heuresdepeynier.com\/?s={search_term_string}"},"query-input":{"@type":"PropertyValueSpecification","valueRequired":true,"valueName":"search_term_string"}}],"inLanguage":"fr-FR"},{"@type":"Organization","@id":"https:\/\/24heuresdepeynier.com\/#organization","name":"Les Fada De Peynier","url":"https:\/\/24heuresdepeynier.com\/","logo":{"@type":"ImageObject","inLanguage":"fr-FR","@id":"https:\/\/24heuresdepeynier.com\/#\/schema\/logo\/image\/","url":"https:\/\/24heuresdepeynier.com\/wp-content\/uploads\/2025\/11\/cropped-Mini_24HPeynier-1.png","contentUrl":"https:\/\/24heuresdepeynier.com\/wp-content\/uploads\/2025\/11\/cropped-Mini_24HPeynier-1.png","width":512,"height":512,"caption":"Les Fada De Peynier"},"image":{"@id":"https:\/\/24heuresdepeynier.com\/#\/schema\/logo\/image\/"},"sameAs":["https:\/\/www.facebook.com\/24hpeynier","https:\/\/www.instagram.com\/24h6hpeynier"]}]}},"_links":{"self":[{"href":"https:\/\/24heuresdepeynier.com\/index.php\/wp-json\/wp\/v2\/pages\/2820","targetHints":{"allow":["GET"]}}],"collection":[{"href":"https:\/\/24heuresdepeynier.com\/index.php\/wp-json\/wp\/v2\/pages"}],"about":[{"href":"https:\/\/24heuresdepeynier.com\/index.php\/wp-json\/wp\/v2\/types\/page"}],"author":[{"embeddable":true,"href":"https:\/\/24heuresdepeynier.com\/index.php\/wp-json\/wp\/v2\/users\/4"}],"replies":[{"embeddable":true,"href":"https:\/\/24heuresdepeynier.com\/index.php\/wp-json\/wp\/v2\/comments?post=2820"}],"version-history":[{"count":44,"href":"https:\/\/24heuresdepeynier.com\/index.php\/wp-json\/wp\/v2\/pages\/2820\/revisions"}],"predecessor-version":[{"id":3044,"href":"https:\/\/24heuresdepeynier.com\/index.php\/wp-json\/wp\/v2\/pages\/2820\/revisions\/3044"}],"wp:attachment":[{"href":"https:\/\/24heuresdepeynier.com\/index.php\/wp-json\/wp\/v2\/media?parent=2820"}],"curies":[{"name":"wp","href":"https:\/\/api.w.org\/{rel}","templated":true}]}}